{"id":2167,"date":"2025-05-14T14:00:06","date_gmt":"2025-05-14T12:00:06","guid":{"rendered":"https:\/\/www.grupocsc.es\/avis-legal\/"},"modified":"2025-05-14T14:00:55","modified_gmt":"2025-05-14T12:00:55","slug":"avis-legal","status":"publish","type":"page","link":"https:\/\/www.grupocsc.es\/ca\/avis-legal\/","title":{"rendered":"Av\u00eds Legal"},"content":{"rendered":"\n<h1 class=\"wp-block-heading\">Av\u00eds Legal<\/h1>\n\n<p>D&#8217;acord amb l&#8217;exig\u00e8ncia de l&#8217;article 10 de la Llei 34\/2002, d&#8217;11 de juliol, de serveis de la Societat de la Informaci\u00f3 i de Comer\u00e7 Electr\u00f2nic (LSSI-CE), CATALANA DE SEGURETAT I COMUNICACIONS, SL informa de les dades seg\u00fcents:<\/p>\n\n<h2 class=\"wp-block-heading\">2.1 TITULAR DEL LLOC WEB<\/h2>\n\n<p><strong>Ra\u00f3 Social: <\/strong>CATALANA DE SEGURETAT I COMUNICACIONS, SL<\/p>\n\n<p><strong>CIF\/NIF: <\/strong>B61528956<\/p>\n\n<p><strong>Denominaci\u00f3 comercial: <\/strong>CATALANA DE SEGURETAT I COMUNICACIONS. SL <\/p>\n\n<p><strong>Domicili fiscal: <\/strong>C\/ LAUREA MIRO 401, 08980 SANT FELIU DE LLOBREGAT, BARCELONA.<\/p>\n\n<p><strong>Contacte: <\/strong><a href=\"mailto:CSC@GRUPOCSC.ES\">CSC@GRUPOCSC.ES<\/a><\/p>\n\n<p><strong>Registre Mercantil: <\/strong>BARCELONA, Tom: 47461, Full: 175592, Foli: 151, N\u00famero d&#8217;inscripci\u00f3: 59<\/p>\n\n<p> Aquesta informaci\u00f3 regula les condicions d\u00fas, les limitacions de responsabilitat i les obligacions que els usuaris de la p\u00e0gina web que es publica sota el nom del domini <a href=\"https:\/\/www.grupocsc.es\/ca\/\">www.grupocsc.es<\/a> les quals els usuaris assumeixen i es comprometen a respectar.<\/p>\n\n<h2 class=\"wp-block-heading\">2.2 COOKIES<\/h2>\n\n<p><a href=\"https:\/\/www.grupocsc.es\/ca\/\">www.grupocsc.es<\/a> utilitza cookies per facilitar la navegaci\u00f3 per aquest portal i per obtenir m\u00e9s efic\u00e0cia i personalitzaci\u00f3 dels serveis oferts als usuaris. Les cookies emprades a <a href=\"https:\/\/www.grupocsc.es\/ca\/\">www.grupocsc.es<\/a> s&#8217;associen \u00fanicament amb un usuari an\u00f2nim i el seu ordinador, no proporcionen refer\u00e8ncies que permetin deduir el nom i cognoms de l&#8217;usuari i no poden llegir dades del disc dur ni incloure virus als seus equips. Aix\u00ed mateix, <a href=\"https:\/\/www.grupocsc.es\/ca\/\">www.grupocsc.es<\/a> no pot llegir les galetes implantades al disc dur de l&#8217;usuari des d&#8217;altres servidors.  <\/p>\n\n<p>L&#8217;usuari pot decidir lliurement sobre la implantaci\u00f3 o no al seu disc dur de les cookies emprades a <a href=\"https:\/\/www.grupocsc.es\/ca\/\">www.grupocsc.es<\/a>. En aquest sentit, l&#8217;usuari pot acceptar, rebutjar o configurar el seu navegador per gestionar les cookies i decidir en aquell moment la seva implantaci\u00f3 o no al disc dur. Per aix\u00f2 us suggerim consultar la secci\u00f3 d&#8217;ajuda del vostre navegador per saber com canviar la configuraci\u00f3 que actualment utilitza. Tot i que l&#8217;usuari configur\u00e9s el seu navegador per rebutjar totes les galetes o rebutg\u00e9s expressament les galetes de <a href=\"https:\/\/www.grupocsc.es\/ca\/\">www.grupocsc.es<\/a> podr\u00e0 navegar pel portal amb l&#8217;\u00fanic inconvenient de no poder gaudir de les funcionalitats del portal que requereixin la instal\u00b7laci\u00f3 d&#8217;alguna. En qualsevol cas, l&#8217;usuari podr\u00e0 eliminar les cookies de <a href=\"https:\/\/www.grupocsc.es\/ca\/\">www.grupocsc.es<\/a> implantades al vostre disc dur en qualsevol moment, seguint el procediment establert a la secci\u00f3 d&#8217;ajuda del vostre navegador o entrant a l&#8217;enlla\u00e7 de <strong>Pol\u00edtica de Cookies<\/strong> d&#8217;aquest lloc web.   <\/p>\n\n<p>Per poder cobrar per rebutjar les galetes en un lloc web, cal complir diversos requisits establerts per l&#8217;Ag\u00e8ncia Espanyola de Protecci\u00f3 de Dades (AEPD).<\/p>\n\n<h2 class=\"wp-block-heading\">Oferir una alternativa gratu\u00efta<\/h2>\n\n<p>Segons l&#8217;AEPD, es pot denegar l&#8217;acc\u00e9s al servei en cas que l&#8217;usuari rebutgi les galetes. Tot i aix\u00f2, cal informar adequadament l&#8217;usuari i oferir una alternativa d&#8217;acc\u00e9s al servei gratu\u00efta. <\/p>\n\n<h2 class=\"wp-block-heading\">Ser genu\u00efnament equivalent<\/h2>\n\n<p>L&#8217;alternativa d&#8217;acc\u00e9s ha de ser \u00abgenu\u00efnament equivalent\u00bb, \u00e9s a dir, ha de proporcionar una experi\u00e8ncia d&#8217;usuari comparable a la que s&#8217;obtindria si s&#8217;acceptessin les galetes. No \u00e9s v\u00e0lid que el servei equivalent ho ofereixi una entitat aliena a l&#8217;editor. <\/p>\n\n<h2 class=\"wp-block-heading\">Preu raonable i just<\/h2>\n\n<p>Si es decideix cobrar per lacc\u00e9s al servei alternatiu, el preu ha de ser raonable i just. Aix\u00f2 vol dir que no ha de ser excessivament alt i ha de reflectir el valor que proporciona el servei. <\/p>\n\n<h2 class=\"wp-block-heading\">Informar els usuaris<\/h2>\n\n<p>\u00c9s important que les empreses informin adequadament els usuaris sobre la possibilitat d&#8217;haver de pagar si rebutgen les galetes. Aix\u00f2 es pot fer a trav\u00e9s d&#8217;un av\u00eds de galetes clar i f\u00e0cil d&#8217;entendre. <\/p>\n\n<p>Aquests requisits estan en l\u00ednia amb les Directrius 05\/2020 sobre el consentiment del CEPD.<\/p>\n\n<h2 class=\"wp-block-heading\">2.3 POL\u00cdTICA D&#8217;ENLLA\u00c7OS<\/h2>\n\n<p>En cas que un usuari d&#8217;Internet introdueixi un enlla\u00e7 des del seu propi Lloc Web al Lloc Web de CATALANA DE SEGURETAT I COMUNICACIONS. SL, l&#8217;enlla\u00e7 \u00fanicament vincular\u00e0 amb la p\u00e0gina principal d&#8217;aquest \u00faltim, per\u00f2 no podr\u00e0 reproduir-la de cap manera, i, en cas que es visualitzin els continguts del Lloc Web amb continguts aliens a aquest, aquests continguts aliens no podran induir a error, confusi\u00f3 o engany en els Usuaris sobre la proced\u00e8ncia dels seus continguts, ni suposar un acte de comparaci\u00f3 o imitaci\u00f3 de la I COMUNICACIONS. SL.  <\/p>\n\n<p>No es realitzar\u00e0 des de la p\u00e0gina que introdueix lenlla\u00e7 cap tipus de manifestaci\u00f3 falsa o inexacta sobre CATALANA DE SEGURETAT I COMUNICACIONS. SL, Empreses Associades, col\u00b7laboradors o empleats, ni s&#8217;indicar\u00e0 a aquesta p\u00e0gina que tenen el consentiment de CATALANA DE SEGURETAT I COMUNICACIONS. SL per a la inserci\u00f3 de lenlla\u00e7, o que CATALANA DE SEGURETAT I COMUNICACIONS. SL t\u00e9 alguna relaci\u00f3 o col\u00b7laboraci\u00f3 amb aquesta p\u00e0gina.   <\/p>\n\n<p>Llevat dels casos permesos per la llei o expressament autoritzats per CATALANA DE SEGURETAT I COMUNICACIONS. SL, sempre que es permeti un enlla\u00e7 directe amb el Lloc Web, queda prohibida la utilitzaci\u00f3 de qualsevol marca o qualsevol altre signe distintiu de CATALANA DE SEGURETAT I COMUNICACIONS. SL dins de la p\u00e0gina on es trobi l&#8217;enlla\u00e7, llevat que s&#8217;autoritzi expressament.  <\/p>\n\n<p>La p\u00e0gina que estableixi l&#8217;enlla\u00e7 haur\u00e0 de complir la llei i no disposar o enlla\u00e7ar amb continguts il\u00b7l\u00edcits o contraris a la moral i als bons costums.<\/p>\n\n<p>Per la seva banda, el lloc web mateix inclou dispositius t\u00e8cnics d&#8217;enlla\u00e7 que permeten a l&#8217;Usuari accedir a altres p\u00e0gines i portals d&#8217;Internet, actuant CATALANA DE SEGURETAT I COMUNICACIONS. SL com a prestador de serveis d&#8217;intermediaci\u00f3 de conformitat amb l&#8217;article 17 de la Llei 34\/2002, d&#8217;11 de juliol, de Serveis de la Societat de la Informaci\u00f3 i de Comer\u00e7 Electr\u00f2nic, per la qual cosa nom\u00e9s ser\u00e0 responsable dels continguts i serveis subministrats en els llocs enlla\u00e7ats en cas que havent tingut coneixement efectiu, en la forma prevista per la Llei de Serveis de la Societat. <\/p>\n\n<p>L&#8217;exist\u00e8ncia de llocs enlla\u00e7ats no suposa que hi hagi acords amb els responsables o titulars dels mateixos, i CATALANA DE SEGURETAT I COMUNICACIONS. SL no es fa responsable dels danys produ\u00efts per la il\u00b7licitud, qualitat, desactualitzaci\u00f3, indisponibilitat, error i inutilitat dels continguts dels llocs esmentats, ja que els desconeix. CATALANA DE SEGURETAT I COMUNICACIONS. SL no t\u00e9 el control sobre la naturalesa, contingut i disponibilitat dels llocs enlla\u00e7ats, i la inclusi\u00f3 de qualsevol enlla\u00e7 no implica necess\u00e0riament una recomanaci\u00f3 o suport a les opinions expressades en ells. En qualsevol cas, si l&#8217;Usuari tingu\u00e9s coneixement que els llocs enlla\u00e7ats remeten a p\u00e0gines els continguts o serveis de les quals s\u00f3n il\u00b7l\u00edcits o contraris a la moral ho haur\u00e0 de posar en coneixement de CATALANA DE SEGURETAT I COMUNICACIONS. SL.     <\/p>\n\n<p>A aquests efectes s&#8217;habilita l&#8217;adre\u00e7a de correu electr\u00f2nic <a href=\"mailto:CSC@GRUPOCSC.ES\">CSC@GRUPOCSC.ES<\/a>, aix\u00ed els usuaris hauran de comunicar: nom, adre\u00e7a, n\u00famero de tel\u00e8fon i adre\u00e7a de correu electr\u00f2nic, especificaci\u00f3 de la suposada activitat il\u00b7l\u00edcita duta a terme al Portal i fets o circumst\u00e0ncies que revelen el car\u00e0cter il\u00b7l\u00edcit de l&#8217;esmentada activitat.<\/p>\n\n<p> CATALANA DE SEGURETAT I COMUNICACIONS SL es reserva el dret a canviar aquesta pol\u00edtica d&#8217;enlla\u00e7os en qualsevol moment. <\/p>\n\n<h2 class=\"wp-block-heading\">2.4 CONDICIONS D\u00daS<\/h2>\n\n<p>La utilitzaci\u00f3 de la p\u00e0gina implica l&#8217;acceptaci\u00f3 de les condicions de l&#8217;av\u00eds legal, la pol\u00edtica de privadesa i les condicions d&#8217;\u00fas. Si l&#8217;usuari no est\u00e0 conforme, s&#8217;abstindr\u00e0 de fer servir la p\u00e0gina i l&#8217;abandonar\u00e0. L&#8217;usuari est\u00e0 obligat i es compromet a utilitzar la p\u00e0gina i els continguts de conformitat amb la legislaci\u00f3 vigent, l&#8217;Av\u00eds Legal, i qualsevol altre av\u00eds contingut en aquesta p\u00e0gina, aix\u00ed com amb les normes de conviv\u00e8ncia, la moral i els bons costums generalment acceptats.  <\/p>\n\n<p>L&#8217;usuari s&#8217;obliga i es compromet a no transmetre, difondre o posar a disposici\u00f3 de tercers qualsevol contingut de la p\u00e0gina, tals com informacions, textos, dades, continguts, missatges, gr\u00e0fics, dibuixos, arxius de so i\/o imatge, fotografies, enregistraments, programari, logotips, marques, icones, tecnologia, fotografies, programari, enlla\u00e7os, disseny gr\u00e0fic i material de la font, P\u00e0gina, sense que aquesta enumeraci\u00f3 tingui car\u00e0cter limitatiu.<\/p>\n\n<h2 class=\"wp-block-heading\">2.5 PROPIETAT INTEL\u00b7LECTUAL I INDUSTRIAL<\/h2>\n\n<p>Totes les marques, noms comercials o signes distintius de qualsevol classe que apareixen a la p\u00e0gina s\u00f3n propietat de CATALANA DE SEGURETAT I COMUNICACIONS, SL o, si escau, de tercers que n&#8217;han autoritzat l&#8217;\u00fas, sense que es pugui entendre que l&#8217;\u00fas o acc\u00e9s al portal i\/o als continguts atribueixi a l&#8217;usuari cap dret sobre les esmentades marques, noms comercials i\/ cap dels drets dexplotaci\u00f3 que existeixen o puguin existir sobre aquests continguts. I no ent\u00e9n cedits ni se n&#8217;autoritza la utilitzaci\u00f3, en cap cas, als usuaris de la p\u00e0gina llevat que s&#8217;obtinguin aquests drets per escrit del leg\u00edtim titular dels mateixos. <\/p>\n\n<h2 class=\"wp-block-heading\">2.6 XARXES SOCIALS OFICIALS<\/h2>\n\n<p>El prestador de serveis de les p\u00e0gines oficials de CATALANA DE SEGURETAT I COMUNICACIONS. SL a les xarxes socials \u00e9s l&#8217;entitat CATALANA DE SEGURETAT I COMUNICACIONS, SL (d&#8217;ara endavant CATALANA DE SEGURETAT I COMUNICACIONS. SL) amb C.I.F. B61528956 i domicili social al c\/ <\/p>\n\n<p>LAUREA MIRO 401, 08980 SANT FELIU DE LLOBREGAT, BARCELONA i mateix domicili a efectes de notificacions.<\/p>\n\n<p>L&#8217;acc\u00e9s i l&#8217;\u00fas d&#8217;aquestes p\u00e0gines requereix l&#8217;acceptaci\u00f3 de les condicions generals d&#8217;\u00fas de xarxes socials i la pol\u00edtica de privadesa que m\u00e9s avall es detalla i es completa amb la pol\u00edtica i les normes de les plataformes de xarxa social de .<\/p>\n\n<p>Per a qualsevol consulta o contacte amb CATALANA DE SEGURETAT I COMUNICACIONS. SL, els usuaris podran comunicar-se a trav\u00e9s del n\u00famero de tel\u00e8fon 932896570 o de la seg\u00fcent adre\u00e7a electr\u00f2nica: <a href=\"mailto:CSC@GRUPOCSC.ES\">CSC@GRUPOCSC.ES<\/a>. <\/p>\n\n<h2 class=\"wp-block-heading\">Condicions d\u00b4\u00fas de la p\u00e0gina oficial de CATALANA DE SEGURETAT I COMUNICACIONS. SL a <\/h2>\n\n<p>Si us plau, llegiu atentament aquestes condicions d&#8217;\u00fas ja que contenen tota la informaci\u00f3 relativa als vostres drets i obligacions com a usuari de la p\u00e0gina oficial de CATALANA DE SEGURETAT I COMUNICACIONS. SL a . L&#8217;acc\u00e9s i l&#8217;\u00fas de la p\u00e0gina oficial de CATALANA DE SEGURETAT I COMUNICACIONS. SL est\u00e0 subjecte a m\u00e9s al compliment de les condicions establertes per com a titular de la plataforma del servei de xarxa social.   <\/p>\n\n<p>Quan lusuari accedeix o utilitza la p\u00e0gina oficial de CATALANA DE SEGURETAT I COMUNICACIONS. SL manifesta el seu consentiment i acceptaci\u00f3 del compliment del que estableixen aquestes condicions d&#8217;\u00fas. <\/p>\n\n<p>L&#8217;acc\u00e9s i l&#8217;\u00fas de la p\u00e0gina oficial de CATALANA DE SEGURETAT I COMUNICACIONS. SL est\u00e0 prohibit als menors de 14 anys. <\/p>\n\n<h2 class=\"wp-block-heading\">Usos permesos i usos prohibits<\/h2>\n\n<p>A trav\u00e9s de la p\u00e0gina oficial de CATALANA DE SEGURETAT I COMUNICACIONS. SL es facilita un espai on l&#8217;usuari pot publicar i intercanviar informaci\u00f3 i continguts, aix\u00ed com establir comunicaci\u00f3 entre diversos usuaris. <\/p>\n\n<p>L&#8217;\u00fas per tercers de la p\u00e0gina oficial de CATALANA DE SEGURETAT I COMUNICACIONS. SL no pot tenir una finalitat econ\u00f2mica o comercial en benefici propi o de tercers sense el consentiment previ del titular de la p\u00e0gina. <\/p>\n\n<p>L&#8217;usuari est\u00e0 obligat a fer un \u00fas raonable de la p\u00e0gina oficial de CATALANA DE SEGURETAT I COMUNICACIONS. SL de i dels seus continguts, segons les possibilitats i fins per als quals est\u00e0 concebut d&#8217;acord amb els usos i costums, la moral, la legislaci\u00f3 vigent, les presents normes i les normes i pol\u00edtiques publicades per . L&#8217;usuari ser\u00e0 l&#8217;\u00fanic responsable de la informaci\u00f3, imatges, opinions, al\u00b7lusions o continguts de qualsevol mena que comuniqui, allotgi, transmeti, posi a disposici\u00f3 o exhibeixi a trav\u00e9s de la p\u00e0gina oficial de CATALANA DE SEGURETAT I COMUNICACIONS. SL a .   <\/p>\n\n<p>CATALANA DE SEGURETAT I COMUNICACIONS. SL no podr\u00e0 ser considerat responsable editorial dels continguts publicats per l&#8217;usuari i declara expressament que no s&#8217;identifica amb cap de les opinions que els usuaris publiquin a la p\u00e0gina oficial de CATALANA DE SEGURETAT I COMUNICACIONS. SL en les conseq\u00fc\u00e8ncies del qual es fa enterament responsable l&#8217;emissor de les mateixes.  <\/p>\n\n<p>En tot cas, queda prohibit l\u00fas de la p\u00e0gina oficial de CATALANA DE SEGURETAT I COMUNICACIONS. SL en finalitats il\u00b7legals o no autoritzades, amb finalitat econ\u00f2mica o sense. <\/p>\n\n<h2 class=\"wp-block-heading\">2.7 EXEMPCI\u00d3 DE RESPONSABILITATS<\/h2>\n\n<p>CATALANA DE SEGURETAT I COMUNICACIONS, SL inclou al seu lloc web una s\u00e8rie de continguts sobre les seves activitats, productes, estructura, gesti\u00f3 i equips propis d&#8217;una web corporativa. CATALANA DE SEGURETAT I COMUNICACIONS, SL exclou qualsevol responsabilitat pels danys i perjudicis de tota naturalesa que poguessin derivar-se de l&#8217;acc\u00e9s als continguts, informacions, publicitat, opcions, conceptes i imatges facilitats als usuaris. <\/p>\n\n<p>En qualsevol cas, CATALANA DE SEGURETAT I COMUNICACIONS, SL no es fa responsable de: El mal que l&#8217;usuari pugui fer del Lloc Web.<\/p>\n\n<p>La continu\u00eftat dels continguts del Lloc Web.<\/p>\n\n<p>L&#8217;abs\u00e8ncia de virus i\/o altres components nocius al Lloc Web o al servidor que els subministra, tant pel que fa a la visualitzaci\u00f3 dels continguts pels usuaris com a la desc\u00e0rrega dels mateixos.<\/p>\n\n<p>Els continguts i serveis prestats per altres Llocs Web a qu\u00e8 pugui tenir acc\u00e9s des de les adreces dInternet titularitat de CATALANA DE SEGURETAT I COMUNICACIONS, SL.<\/p>\n\n<p>El major o menor rendiment dels continguts allotjats al Lloc Web.<\/p>\n\n<p>Els danys o perjudicis que causi qualsevol persona, b\u00e9 a si mateixa oa terceres, que infring\u00eds les condicions, normes i instruccions que CATALANA DE SEGURETAT I COMUNICACIONS, SL estableix en aquest Lloc Web.<\/p>\n\n<p>Els danys ocasionats per la vulneraci\u00f3 dels sistemes de seguretat del Lloc Web titularitat de CATALANA DE SEGURETAT I COMUNICACIONS, SL.<\/p>\n\n<p>El mal funcionament de programari o <em>plugins<\/em> (desc\u00e0rrega que pogu\u00e9s realitzar-se des de l&#8217;enlla\u00e7 establert a aquest efecte), que pogu\u00e9s ser necessari per a la visualitzaci\u00f3 o escolta de determinats continguts allotjats en aquest Lloc Web.<\/p>\n\n<p>Qualsevol acci\u00f3 o actuaci\u00f3 que pogu\u00e9s realitzar en relaci\u00f3 amb la vulneraci\u00f3 de drets de tercers, especialment amb relaci\u00f3 a la imatge, propietat intel\u00b7lectual o industrial.<\/p>\n\n<p>De l&#8217;edici\u00f3, revisi\u00f3, censura i verificaci\u00f3 dels continguts de les p\u00e0gines o Llocs d&#8217;Internet amb qu\u00e8 l&#8217;usuari es connecti a trav\u00e9s del motor de cerca o d&#8217;hipervincles inclosos al Lloc Web de CATALANA DE SEGURETAT I COMUNICACIONS, SL.<\/p>\n\n<h2 class=\"wp-block-heading\">Exempci\u00f3 de responsabilitat pel funcionament de la P\u00e0gina Web<\/h2>\n\n<p>CATALANA DE SEGURETAT I COMUNICACIONS, SL presta els seus serveis i continguts de forma continuada emprant tots els mitjans t\u00e8cnics al seu abast per realitzar aquesta prestaci\u00f3 de manera satisfact\u00f2ria.<\/p>\n\n<p>CATALANA DE SEGURETAT I COMUNICACIONS, SL s&#8217;eximeix de qualsevol responsabilitat pel funcionament o serveis del lloc web que puguin patir interrupcions o errors, manca de disponibilitat o continu\u00eftat del funcionament del lloc web.<\/p>\n\n<p>CATALANA DE SEGURETAT I COMUNICACIONS, SL podr\u00e0, quan ho consideri convenient, realitzar correccions, millores o modificacions en la informaci\u00f3 continguda al seu lloc web, sense que aix\u00f2 de lloc, ni dret a cap reclamaci\u00f3 o indemnitzaci\u00f3, ni impliqui cap reconeixement de responsabilitat.<\/p>\n\n<p>CATALANA DE SEGURETAT I COMUNICACIONS, SL no es fa responsable pels danys i perjudicis de tota naturalesa que poguessin derivar-se de la disponibilitat i continu\u00eftat t\u00e8cnica del funcionament del seu Lloc Web. En qualsevol cas, CATALANA DE SEGURETAT I COMUNICACIONS, SL, dur\u00e0 a terme totes les actuacions necess\u00e0ries per restablir els seus serveis en cas de fallida t\u00e8cnica. <\/p>\n\n<p>CATALANA DE SEGURETAT I COMUNICACIONS, SL es reserva el dret de modificar qualsevol tipus d&#8217;informaci\u00f3 que pugui apar\u00e8ixer al lloc web, sense que hi hagi obligaci\u00f3 de preav\u00eds o posar en coneixement dels usuaris aquestes obligacions, entenent-se com a suficient amb la publicaci\u00f3 al lloc web del titular.<\/p>\n\n<h2 class=\"wp-block-heading\">2.8 LEGISLACI\u00d3 I JURISDICCI\u00d3<\/h2>\n\n<p>CATALANA DE SEGURETAT I COMUNICACIONS, SL es reserva la facultat de presentar les accions civils o penals que consideri oportunes per la utilitzaci\u00f3 indeguda del lloc web i continguts, o per l&#8217;incompliment de les presents condicions.<\/p>\n\n<p>En cas que hi hagi discrep\u00e0ncia entre el que estableix aquest Av\u00eds Legal i les Condicions Particulars de cada servei espec\u00edfic, prevaldr\u00e0 el que disposen aquestes \u00faltimes.<\/p>\n\n<p>En cas que qualsevol disposici\u00f3 o disposicions contingudes en aquest Av\u00eds Legal fossin considerades nul\u00b7les o inaplicables, en la seva totalitat o en part, per qualsevol Jutjat, Tribunal o \u00f2rgan administratiu competent, aquesta nul\u00b7litat o inaplicaci\u00f3 no afectar\u00e0 la resta de disposicions del present Av\u00eds Legal ni les Condicions Particulars dels diferents serveis del present Lloc Web.<\/p>\n\n<p>El no exercici o execuci\u00f3, per part de CATALANA DE SEGURETAT I COMUNICACIONS, SL de qualsevol dret o disposici\u00f3 contingut en aquestes Condicions Generals no constituir\u00e0 una ren\u00fancia a aquest, excepte reconeixement i acord escrit per part seva.<\/p>\n\n<p>La relaci\u00f3 entre l&#8217;usuari i el prestador es regir\u00e0 per la normativa vigent i aplicable al territori espanyol. Si sorgeix qualsevol controv\u00e8rsia, les parts poden sotmetre els seus conflictes a arbitratge o acudir a la jurisdicci\u00f3 ordin\u00e0ria complint amb les normes sobre jurisdicci\u00f3 i compet\u00e8ncia sobre aix\u00f2. CATALANA DE SEGURETAT I COMUNICACIONS, SL t\u00e9 el domicili a SANT FELIU DE LLOBREGAT, Espanya.  <\/p>\n\n<p>Dacord amb lArt. 14.1 del Reglament (UE) 524\/2013, la Comissi\u00f3 Europea facilita una plataforma de resoluci\u00f3 de litigis en l\u00ednia al seg\u00fcent enlla\u00e7: <a href=\"https:\/\/ec.europa.eu\/consumers\/odr\/\" target=\"_blank\" rel=\"noopener\">https:\/\/ec.europa.eu\/consumers\/odr\/<\/a><\/p>\n","protected":false},"excerpt":{"rendered":"<p>Av\u00eds Legal D&#8217;acord amb l&#8217;exig\u00e8ncia de l&#8217;article 10 de la Llei 34\/2002, d&#8217;11 de juliol, de serveis de la Societat de la Informaci\u00f3 i de Comer\u00e7 Electr\u00f2nic (LSSI-CE), CATALANA DE SEGURETAT I COMUNICACIONS, SL informa de les dades seg\u00fcents: 2.1 TITULAR DEL LLOC WEB Ra\u00f3 Social: CATALANA DE SEGURETAT I COMUNICACIONS, SL CIF\/NIF: B61528956 Denominaci\u00f3&#8230;<\/p>\n","protected":false},"author":1,"featured_media":0,"parent":0,"menu_order":0,"comment_status":"closed","ping_status":"closed","template":"","meta":{"_kad_blocks_custom_css":"","_kad_blocks_head_custom_js":"","_kad_blocks_body_custom_js":"","_kad_blocks_footer_custom_js":"","_kad_post_transparent":"","_kad_post_title":"","_kad_post_layout":"","_kad_post_sidebar_id":"","_kad_post_content_style":"","_kad_post_vertical_padding":"","_kad_post_feature":"","_kad_post_feature_position":"","_kad_post_header":false,"_kad_post_footer":false,"_kad_post_classname":"","footnotes":""},"class_list":["post-2167","page","type-page","status-publish","hentry"],"taxonomy_info":[],"featured_image_src_large":false,"author_info":{"display_name":"admin","author_link":"https:\/\/www.grupocsc.es\/ca\/author\/empiezapori\/"},"comment_info":0,"_links":{"self":[{"href":"https:\/\/www.grupocsc.es\/ca\/wp-json\/wp\/v2\/pages\/2167","targetHints":{"allow":["GET"]}}],"collection":[{"href":"https:\/\/www.grupocsc.es\/ca\/wp-json\/wp\/v2\/pages"}],"about":[{"href":"https:\/\/www.grupocsc.es\/ca\/wp-json\/wp\/v2\/types\/page"}],"author":[{"embeddable":true,"href":"https:\/\/www.grupocsc.es\/ca\/wp-json\/wp\/v2\/users\/1"}],"replies":[{"embeddable":true,"href":"https:\/\/www.grupocsc.es\/ca\/wp-json\/wp\/v2\/comments?post=2167"}],"version-history":[{"count":1,"href":"https:\/\/www.grupocsc.es\/ca\/wp-json\/wp\/v2\/pages\/2167\/revisions"}],"predecessor-version":[{"id":2168,"href":"https:\/\/www.grupocsc.es\/ca\/wp-json\/wp\/v2\/pages\/2167\/revisions\/2168"}],"wp:attachment":[{"href":"https:\/\/www.grupocsc.es\/ca\/wp-json\/wp\/v2\/media?parent=2167"}],"curies":[{"name":"wp","href":"https:\/\/api.w.org\/{rel}","templated":true}]}}