{"id":1907,"date":"2025-03-04T13:36:01","date_gmt":"2025-03-04T12:36:01","guid":{"rendered":"https:\/\/www.grupocsc.es\/politica-de-privadesa\/"},"modified":"2025-04-23T09:47:27","modified_gmt":"2025-04-23T07:47:27","slug":"politica-de-privadesa","status":"publish","type":"page","link":"https:\/\/www.grupocsc.es\/ca\/politica-de-privadesa\/","title":{"rendered":"Pol\u00edtica de Privadesa"},"content":{"rendered":"\n<h1 class=\"wp-block-heading\">Pol\u00edtica de Privadesa<\/h1>\n\n<p>CATALANA DE SEGURETAT I COMUNICACIONS, SL garanteix la privadesa de les dades de car\u00e0cter personal aportades, segons el Reglament General de Protecci\u00f3 de Dades (RGPD).<\/p>\n\n<p>La visita a aquesta p\u00e0gina web no suposa que l&#8217;usuari estigui obligat a facilitar cap informaci\u00f3 sobre si mateix, per\u00f2 durant la visita \u00e9s possible que se sol\u00b7licitin dades de car\u00e0cter personal a trav\u00e9s de formularis.<\/p>\n\n<p>Aquestes dades seran incorporades a un fitxer responsabilitat de CATALANA DE SEGURETAT I COMUNICACIONS, SL i seran utilitzades per a les seg\u00fcents finalitats; contestar les sol\u00b7licituds realitzades per part seva, per enviar-los informaci\u00f3 de la nostra empresa i serveis sol\u00b7licitats o oferts per qualsevol mitj\u00e0 de comunicaci\u00f3. Per donar compliment a les sol\u00b7licituds, l&#8217;interessat autoritza CATALANA DE SEGURETAT I COMUNICACIONS, SL a cedir les seves dades a les empreses associades o col\u00b7laboradores amb les quals hi ha contractes de prestaci\u00f3 de serveis relacionats amb l&#8217;activitat, com estipula la normativa vigent en els articles 10, 11 i 12 del RGPD, amb la finalitat de prestar per a un servei adequat. En enviar-nos aquest formulari, vost\u00e8 est\u00e0 acceptant expl\u00edcitament la recepci\u00f3 i tractament dels mateixos per a les finalitats expressades. Aquestes dades es cancel\u00b7laran a petici\u00f3 seva o una vegada satisfeta la finalitat per a la qual van ser recollides.   <\/p>\n\n<p><strong>Com exercitar els drets:<\/strong> Els usuaris poden adre\u00e7ar una comunicaci\u00f3 per escrit a CATALANA DE SEGURETAT I COMUNICACIONS, SL amb domicili al C\/ LAUREA MIRO 401, 08980 SANT FELIU DE LLOBREGAT, BARCELONA, oa l&#8217;adre\u00e7a de correu electr\u00f2nic <a href=\"mailto:CSC@GRUPOCSC.ES\">CSC@GRUPOCSC.ES<\/a> exercitar els seus drets, que s\u00f3n els seg\u00fcents:<\/p>\n\n<ul class=\"wp-block-list\">\n<li>Dret a sol\u00b7licitar l&#8217;acc\u00e9s a les dades personals: podreu preguntar a CATALANA DE SEGURETAT I COMUNICACIONS, SL si aquesta empresa est\u00e0 tractant les vostres dades.<\/li>\n\n\n\n<li>Dret a sol\u00b7licitar-ne la rectificaci\u00f3 (en el cas que siguin incorrectes) o supressi\u00f3.<\/li>\n\n\n\n<li>Dret a sol\u00b7licitar la limitaci\u00f3 del seu tractament, cas en qu\u00e8 \u00fanicament seran conservats per CATALANA DE SEGURETAT I COMUNICACIONS, SL per a l&#8217;exercici o la defensa de reclamacions.<\/li>\n\n\n\n<li>Dret a oposar-se al tractament: CATALANA DE SEGURETAT I COMUNICACIONS, SL deixar\u00e0 de tractar les dades en la forma que indiqueu, llevat que per motius leg\u00edtims imperiosos o l&#8217;exercici o la defensa de possibles reclamacions s&#8217;hagin de seguir tractant.<\/li>\n\n\n\n<li>Dret a la portabilitat de les dades: en cas que vulgui que les vostres dades siguin tractades per una altra signatura, CATALANA DE SEGURETAT I COMUNICACIONS, SL us facilitar\u00e0 la portabilitat de les vostres dades al nou responsable.<\/li>\n<\/ul>\n\n<p><strong>Possibilitat de retirar el consentiment:<\/strong> en cas que s&#8217;hagi atorgat el consentiment per a alguna finalitat espec\u00edfica, vost\u00e8 t\u00e9 dret a retirar el consentiment en qualsevol moment, sense que aix\u00f2 afecti la licitud del tractament basat en el consentiment previ a la seva retirada.<\/p>\n\n<p><strong>Com reclamar davant l&#8217;Autoritat de Control:<\/strong> Si un usuari considera que hi ha un problema amb la manera com CATALANA DE SEGURETAT I COMUNICACIONS, SL est\u00e0 manejant les vostres dades, podeu adre\u00e7ar les vostres reclamacions a l&#8217;autoritat de protecci\u00f3 de dades que correspongui, sent l&#8217;Ag\u00e8ncia Espanyola de Protecci\u00f3 de Dades la indicada en el cas d&#8217;Espanya.<\/p>\n\n<p>La negativa a proporcionar les dades suposar\u00e0 la no prestaci\u00f3 o la impossibilitat d&#8217;accedir al servei per als que eren sol\u00b7licitats. Vost\u00e8 t\u00e9 dret a rebre resposta a qualsevol pregunta, consulta o aclariment que us sorgeixi derivada d&#8217;aquest formulari. <\/p>\n\n<p>Les parts se sotmeten, a la seva elecci\u00f3, per a la resoluci\u00f3 dels conflictes i amb ren\u00fancia a qualsevol altre fur, als jutjats i tribunals del domicili del propietari del lloc web.<\/p>\n","protected":false},"excerpt":{"rendered":"<p>Pol\u00edtica de Privadesa CATALANA DE SEGURETAT I COMUNICACIONS, SL garanteix la privadesa de les dades de car\u00e0cter personal aportades, segons el Reglament General de Protecci\u00f3 de Dades (RGPD). La visita a aquesta p\u00e0gina web no suposa que l&#8217;usuari estigui obligat a facilitar cap informaci\u00f3 sobre si mateix, per\u00f2 durant la visita \u00e9s possible que se&#8230;<\/p>\n","protected":false},"author":1,"featured_media":0,"parent":0,"menu_order":0,"comment_status":"closed","ping_status":"closed","template":"","meta":{"_kad_blocks_custom_css":"","_kad_blocks_head_custom_js":"","_kad_blocks_body_custom_js":"","_kad_blocks_footer_custom_js":"","_kad_post_transparent":"","_kad_post_title":"","_kad_post_layout":"","_kad_post_sidebar_id":"","_kad_post_content_style":"","_kad_post_vertical_padding":"","_kad_post_feature":"","_kad_post_feature_position":"","_kad_post_header":false,"_kad_post_footer":false,"_kad_post_classname":"","footnotes":""},"class_list":["post-1907","page","type-page","status-publish","hentry"],"taxonomy_info":[],"featured_image_src_large":false,"author_info":{"display_name":"admin","author_link":"https:\/\/www.grupocsc.es\/ca\/author\/empiezapori\/"},"comment_info":0,"_links":{"self":[{"href":"https:\/\/www.grupocsc.es\/ca\/wp-json\/wp\/v2\/pages\/1907","targetHints":{"allow":["GET"]}}],"collection":[{"href":"https:\/\/www.grupocsc.es\/ca\/wp-json\/wp\/v2\/pages"}],"about":[{"href":"https:\/\/www.grupocsc.es\/ca\/wp-json\/wp\/v2\/types\/page"}],"author":[{"embeddable":true,"href":"https:\/\/www.grupocsc.es\/ca\/wp-json\/wp\/v2\/users\/1"}],"replies":[{"embeddable":true,"href":"https:\/\/www.grupocsc.es\/ca\/wp-json\/wp\/v2\/comments?post=1907"}],"version-history":[{"count":1,"href":"https:\/\/www.grupocsc.es\/ca\/wp-json\/wp\/v2\/pages\/1907\/revisions"}],"predecessor-version":[{"id":1908,"href":"https:\/\/www.grupocsc.es\/ca\/wp-json\/wp\/v2\/pages\/1907\/revisions\/1908"}],"wp:attachment":[{"href":"https:\/\/www.grupocsc.es\/ca\/wp-json\/wp\/v2\/media?parent=1907"}],"curies":[{"name":"wp","href":"https:\/\/api.w.org\/{rel}","templated":true}]}}